{"id":1099,"date":"2022-07-18T14:39:48","date_gmt":"2022-07-18T12:39:48","guid":{"rendered":"https:\/\/www.pizza-hassloch.com\/?page_id=1099"},"modified":"2024-02-06T17:47:38","modified_gmt":"2024-02-06T16:47:38","slug":"versand__lieferung","status":"publish","type":"page","link":"https:\/\/www.pizza-hassloch.com\/?page_id=1099","title":{"rendered":"Lieferservice"},"content":{"rendered":"\t\t<div data-elementor-type=\"wp-page\" data-elementor-id=\"1099\" class=\"elementor elementor-1099\" data-elementor-post-type=\"page\">\n\t\t\t\t\t\t<section class=\"elementor-section elementor-top-section elementor-element elementor-element-bee0570 elementor-section-boxed elementor-section-height-default elementor-section-height-default\" data-id=\"bee0570\" data-element_type=\"section\" data-e-type=\"section\">\n\t\t\t\t\t\t<div class=\"elementor-container elementor-column-gap-default\">\n\t\t\t\t\t<div class=\"elementor-column elementor-col-100 elementor-top-column elementor-element elementor-element-43c2610e\" data-id=\"43c2610e\" data-element_type=\"column\" data-e-type=\"column\">\n\t\t\t<div class=\"elementor-widget-wrap elementor-element-populated\">\n\t\t\t\t\t\t\t<\/div>\n\t\t<\/div>\n\t\t\t\t\t<\/div>\n\t\t<\/section>\n\t\t\t\t<section class=\"elementor-section elementor-top-section elementor-element elementor-element-d384a7e elementor-section-boxed elementor-section-height-default elementor-section-height-default\" data-id=\"d384a7e\" data-element_type=\"section\" data-e-type=\"section\">\n\t\t\t\t\t\t<div class=\"elementor-container elementor-column-gap-default\">\n\t\t\t\t\t<div class=\"elementor-column elementor-col-100 elementor-top-column elementor-element elementor-element-8adcbc9\" data-id=\"8adcbc9\" data-element_type=\"column\" data-e-type=\"column\">\n\t\t\t<div class=\"elementor-widget-wrap elementor-element-populated\">\n\t\t\t\t\t\t<div class=\"elementor-element elementor-element-e73eadb elementor-widget elementor-widget-text-editor\" data-id=\"e73eadb\" data-element_type=\"widget\" data-e-type=\"widget\" data-widget_type=\"text-editor.default\">\n\t\t\t\t<div class=\"elementor-widget-container\">\n\t\t\t\t\t\t\t\t\t<p style=\"text-align: center;\"><span style=\"color: #003300;\"><strong>Pizzeria Centro Kirchgasse 68 wir liefern ab 15\u20ac Bestellwert kostenfrei innerhalb Ha\u00dfloch.<\/strong><\/span><br \/><br \/>Au\u00dferhalb von Ha\u00dfloch ist kein Lieferservice m\u00f6glich. Es besteht jedoch die M\u00f6glichkeit bei Onlinebestellungen die Bestellung Abholung vor Ort<br \/><br \/><\/p>\t\t\t\t\t\t\t\t<\/div>\n\t\t\t\t<\/div>\n\t\t\t\t\t<\/div>\n\t\t<\/div>\n\t\t\t\t\t<\/div>\n\t\t<\/section>\n\t\t\t\t<\/div>\n\t\t","protected":false},"excerpt":{"rendered":"<p>Pizzeria Centro Kirchgasse 68 wir liefern ab 15\u20ac Bestellwert kostenfrei innerhalb Ha\u00dfloch. Au\u00dferhalb von Ha\u00dfloch ist kein Lieferservice m\u00f6glich. Es besteht jedoch die M\u00f6glichkeit bei Onlinebestellungen die Bestellung Abholung vor Ort<\/p>\n","protected":false},"author":1,"featured_media":0,"parent":0,"menu_order":0,"comment_status":"closed","ping_status":"closed","template":"","meta":{"site-sidebar-layout":"default","site-content-layout":"default","ast-global-header-display":"","ast-banner-title-visibility":"","ast-main-header-display":"","ast-hfb-above-header-display":"","ast-hfb-below-header-display":"","ast-hfb-mobile-header-display":"","site-post-title":"","ast-breadcrumbs-content":"","ast-featured-img":"","footer-sml-layout":"","theme-transparent-header-meta":"","adv-header-id-meta":"","stick-header-meta":"","header-above-stick-meta":"","header-main-stick-meta":"","header-below-stick-meta":"","footnotes":""},"class_list":["post-1099","page","type-page","status-publish","hentry"],"_links":{"self":[{"href":"https:\/\/www.pizza-hassloch.com\/index.php?rest_route=\/wp\/v2\/pages\/1099","targetHints":{"allow":["GET"]}}],"collection":[{"href":"https:\/\/www.pizza-hassloch.com\/index.php?rest_route=\/wp\/v2\/pages"}],"about":[{"href":"https:\/\/www.pizza-hassloch.com\/index.php?rest_route=\/wp\/v2\/types\/page"}],"author":[{"embeddable":true,"href":"https:\/\/www.pizza-hassloch.com\/index.php?rest_route=\/wp\/v2\/users\/1"}],"replies":[{"embeddable":true,"href":"https:\/\/www.pizza-hassloch.com\/index.php?rest_route=%2Fwp%2Fv2%2Fcomments&post=1099"}],"version-history":[{"count":17,"href":"https:\/\/www.pizza-hassloch.com\/index.php?rest_route=\/wp\/v2\/pages\/1099\/revisions"}],"predecessor-version":[{"id":4911,"href":"https:\/\/www.pizza-hassloch.com\/index.php?rest_route=\/wp\/v2\/pages\/1099\/revisions\/4911"}],"wp:attachment":[{"href":"https:\/\/www.pizza-hassloch.com\/index.php?rest_route=%2Fwp%2Fv2%2Fmedia&parent=1099"}],"curies":[{"name":"wp","href":"https:\/\/api.w.org\/{rel}","templated":true}]}}