{"id":1413,"date":"2022-07-25T16:41:11","date_gmt":"2022-07-25T14:41:11","guid":{"rendered":"https:\/\/www.pizza-hassloch.com\/?post_type=product&#038;p=1413"},"modified":"2024-02-14T10:31:05","modified_gmt":"2024-02-14T09:31:05","slug":"pizza-calzone","status":"publish","type":"product","link":"https:\/\/www.pizza-hassloch.com\/?product=pizza-calzone","title":{"rendered":"Pizza Calzone"},"content":{"rendered":"<h4><span style=\"color: #35a800;\"><strong>Calzone gef\u00fcllt Schinken, Salami, Paprika, Pilze und Hackfleischso\u00dfe<\/strong><\/span><\/h4>\n<p><strong>Allergene:<\/strong><br \/>\nA &#8211; enth\u00e4lt glutenhaltiges Getreide (P &#8211; Weizen); D &#8211; enth\u00e4lt Milch<br \/>\noder Milchprodukte einschlie\u00dflich Lactose<br \/>\n<strong>Zusatzstoffe:<\/strong><br \/>\n3 &#8211; mit Antioxidationsmittel; 6 &#8211; mit Konservierungsstoff; 9 &#8211; mit S\u00e4uerungsmittel;<br \/>\n7- mit Phosphat<br \/>\nUnser Schinken:\u00a0 Rinderformschinken mit 15% Trinkwasser aus Teilen\u00a0 von Keule und<br \/>\nBug zusammengef\u00fcgt. Zutaten 80% Rindfleisch , Trinwasser, Kochsalz, Stabilisator, Diphosphate,<br \/>\nGlukosesirup,, Zucker, Antioxidationsmittel, Natriumascorbat, W\u00fcrze, S\u00e4uerungsmittel, Citronens\u00e4ure,<br \/>\nWeins\u00e4ure, Dextrose, Aromen,\u00a0 Konservierungsstoff und Natriumnitrit<br \/>\n<a href=\"https:\/\/www.pizza-hassloch.com\/?page_id=2171\">weitere Informationen zu Allergene &amp; Zusatzstoffe<\/a><\/p>\n<p><span style=\"vertical-align: inherit;\"><span style=\"vertical-align: inherit;\">\u00a0<\/span><\/span><\/p>\n","protected":false},"excerpt":{"rendered":"<p><span style=\"vertical-align: inherit;\">(gef\u00fcllt) Salami, Schinken, Paprika, Pilze und Hackfleischsauce<\/span><\/p>\n","protected":false},"featured_media":2126,"comment_status":"closed","ping_status":"closed","template":"","meta":{"site-sidebar-layout":"default","site-content-layout":"default","ast-global-header-display":"","ast-banner-title-visibility":"","ast-main-header-display":"","ast-hfb-above-header-display":"","ast-hfb-below-header-display":"","ast-hfb-mobile-header-display":"","site-post-title":"","ast-breadcrumbs-content":"","ast-featured-img":"","footer-sml-layout":"","theme-transparent-header-meta":"default","adv-header-id-meta":"","stick-header-meta":"","header-above-stick-meta":"","header-main-stick-meta":"","header-below-stick-meta":""},"product_brand":[],"product_cat":[19],"product_tag":[],"class_list":{"0":"post-1413","1":"product","2":"type-product","3":"status-publish","4":"has-post-thumbnail","6":"product_cat-pizza","7":"desktop-align-left","8":"tablet-align-left","9":"mobile-align-left","11":"first","12":"instock","13":"taxable","14":"shipping-taxable","15":"purchasable","16":"product-type-variable"},"_links":{"self":[{"href":"https:\/\/www.pizza-hassloch.com\/index.php?rest_route=\/wp\/v2\/product\/1413","targetHints":{"allow":["GET"]}}],"collection":[{"href":"https:\/\/www.pizza-hassloch.com\/index.php?rest_route=\/wp\/v2\/product"}],"about":[{"href":"https:\/\/www.pizza-hassloch.com\/index.php?rest_route=\/wp\/v2\/types\/product"}],"replies":[{"embeddable":true,"href":"https:\/\/www.pizza-hassloch.com\/index.php?rest_route=%2Fwp%2Fv2%2Fcomments&post=1413"}],"wp:featuredmedia":[{"embeddable":true,"href":"https:\/\/www.pizza-hassloch.com\/index.php?rest_route=\/wp\/v2\/media\/2126"}],"wp:attachment":[{"href":"https:\/\/www.pizza-hassloch.com\/index.php?rest_route=%2Fwp%2Fv2%2Fmedia&parent=1413"}],"wp:term":[{"taxonomy":"product_brand","embeddable":true,"href":"https:\/\/www.pizza-hassloch.com\/index.php?rest_route=%2Fwp%2Fv2%2Fproduct_brand&post=1413"},{"taxonomy":"product_cat","embeddable":true,"href":"https:\/\/www.pizza-hassloch.com\/index.php?rest_route=%2Fwp%2Fv2%2Fproduct_cat&post=1413"},{"taxonomy":"product_tag","embeddable":true,"href":"https:\/\/www.pizza-hassloch.com\/index.php?rest_route=%2Fwp%2Fv2%2Fproduct_tag&post=1413"}],"curies":[{"name":"wp","href":"https:\/\/api.w.org\/{rel}","templated":true}]}}